{"id":65,"date":"2024-10-29T10:41:39","date_gmt":"2024-10-29T09:41:39","guid":{"rendered":"https:\/\/giocovocale.com\/?page_id=65"},"modified":"2024-11-22T12:39:39","modified_gmt":"2024-11-22T11:39:39","slug":"concert-de-noel","status":"publish","type":"page","link":"https:\/\/giocovocale.com\/index.php\/concert-de-noel\/","title":{"rendered":"CONCERT DE NO\u00cbL"},"content":{"rendered":"<p style=\"text-align: justify;\"><strong>Marc-Antoine Charpentier (1643-1704)<\/strong> a men\u00e9 une brillante carri\u00e8re en France au service de la duchesse de Guise, pendant presque vingt ans, puis \u00e0 la direction musicale de la principale \u00e9glise j\u00e9suite de Paris o\u00f9 fut cr\u00e9\u00e9e, vraisemblablement en 1694, la Messe de minuit pour No\u00ebl. <strong>La Messe de minuit pour No\u00ebl<\/strong>, la plus connue des treize messes compos\u00e9es par Charpentier, illustre ce que l\u2019on appelle une \u00ab messe-parodie \u00bb, puisqu\u2019elle s\u2019inspire de dix chants de No\u00ebl populaires fran\u00e7ais.<br \/>\nL\u2019\u0153uvre allie ainsi Sacr\u00e9 et Profane, et son caract\u00e8re joyeux, presque dansant, est particuli\u00e8rement de circonstance pour la f\u00eate de No\u00ebl. \u00c0 une \u00e9poque o\u00f9 les messes \u00e9taient tr\u00e8s sobres, Charpentier a su donner \u00e0 sa Messe de minuit une l\u00e9g\u00e8ret\u00e9 qui en fait une \u0153uvre lumineuse. Les m\u00e9lodies traditionnelles qu\u2019il a utilis\u00e9es sont par ailleurs tr\u00e8s repr\u00e9sentatives du XVIIe si\u00e8cle. Une pi\u00e8ce pour Grand orgue ainsi qu\u2019une Cantate viendront compl\u00e9ter ce programme. Ce petit bijou autrefois attribu\u00e9 \u00e0 J.S. Bach et catalogu\u00e9 BWV 142 (<strong>Uns ist ein Kind geboren<\/strong>), semble \u00eatre maintenant de <strong>Johann Kuhnau<\/strong>, le pr\u00e9d\u00e9cesseur de Bach \u00e0 Leipzig. Aussi incertaine que soit l\u2019attribution, cette petite cantate est toujours un merveilleux exemple de la cantate de l\u2019\u00e9glise baroque, qui date probablement de 1720<\/p>\n<h2 style=\"text-align: center;\">PROGRAMME<\/h2>\n<p style=\"text-align: center;\"><em>Pr\u00e9lude et Fugue en Ut Majeur BWV 547<\/em><br \/>\n<strong>Johann SEBASTIAN BACH<\/strong><br \/>\nGrand Orgue<\/p>\n<p style=\"text-align: center;\"><em>Uns ist ein Kind geboren<\/em><br \/>\n<strong>Johann KUNHAU<\/strong><br \/>\nChoeur \u00e0 4 voix et Grand Orgue<\/p>\n<p style=\"text-align: center;\"><em>Messe de Minuit sur des No\u00ebls<\/em><br \/>\n<strong>Marc-Antoine CHARPENTIER<\/strong><br \/>\nChoeur \u00e0 4 voix, Solistes et Grand Orgue<\/p>\n<p style=\"text-align: center;\"><em>Hodie Christus natus est\u00a0<\/em><br \/>\n<strong>Francis POULENC<\/strong><br \/>\nChoeur \u00e0 4 voix \u00e0 capella<\/p>\n","protected":false},"excerpt":{"rendered":"<p>Marc-Antoine Charpentier (1643-1704) a men\u00e9 une brillante carri\u00e8re en France au service de la duchesse de Guise, pendant presque vingt ans, puis \u00e0 la direction musicale de la principale \u00e9glise j\u00e9suite de Paris o\u00f9 fut cr\u00e9\u00e9e, vraisemblablement en 1694, la Messe de minuit pour No\u00ebl. La Messe de minuit pour No\u00ebl, la plus connue des [&hellip;]<\/p>\n","protected":false},"author":2,"featured_media":99,"parent":0,"menu_order":0,"comment_status":"closed","ping_status":"closed","template":"","meta":{"footnotes":""},"class_list":["post-65","page","type-page","status-publish","has-post-thumbnail","hentry"],"_links":{"self":[{"href":"https:\/\/giocovocale.com\/index.php\/wp-json\/wp\/v2\/pages\/65","targetHints":{"allow":["GET"]}}],"collection":[{"href":"https:\/\/giocovocale.com\/index.php\/wp-json\/wp\/v2\/pages"}],"about":[{"href":"https:\/\/giocovocale.com\/index.php\/wp-json\/wp\/v2\/types\/page"}],"author":[{"embeddable":true,"href":"https:\/\/giocovocale.com\/index.php\/wp-json\/wp\/v2\/users\/2"}],"replies":[{"embeddable":true,"href":"https:\/\/giocovocale.com\/index.php\/wp-json\/wp\/v2\/comments?post=65"}],"version-history":[{"count":4,"href":"https:\/\/giocovocale.com\/index.php\/wp-json\/wp\/v2\/pages\/65\/revisions"}],"predecessor-version":[{"id":140,"href":"https:\/\/giocovocale.com\/index.php\/wp-json\/wp\/v2\/pages\/65\/revisions\/140"}],"wp:featuredmedia":[{"embeddable":true,"href":"https:\/\/giocovocale.com\/index.php\/wp-json\/wp\/v2\/media\/99"}],"wp:attachment":[{"href":"https:\/\/giocovocale.com\/index.php\/wp-json\/wp\/v2\/media?parent=65"}],"curies":[{"name":"wp","href":"https:\/\/api.w.org\/{rel}","templated":true}]}}