{"id":59,"date":"2024-10-29T10:41:10","date_gmt":"2024-10-29T09:41:10","guid":{"rendered":"https:\/\/giocovocale.com\/?page_id=59"},"modified":"2024-11-23T17:04:06","modified_gmt":"2024-11-23T16:04:06","slug":"lhomme-arme","status":"publish","type":"page","link":"https:\/\/giocovocale.com\/index.php\/lhomme-arme\/","title":{"rendered":"MESSE DE L&rsquo;HOMME ARM\u00c9"},"content":{"rendered":"<p style=\"text-align: justify;\">Qui n&rsquo;a pas \u00e9crit sa messe de L&rsquo;homme arm\u00e9 entre 1450 et la fin du 17\u00e8me ? DUFAY, OCKEGHEM, BUSNOIS, JOSQUIN, PALESTRINA, et enfin CARISSIMI qui est le dernier, tous ont repris les th\u00e8mes initiaux de la chanson populaire du m\u00eame nom. Giacomo CARISSIMI utilise toutes les ficelles de la musique ancienne, mais les tisse en un ouvrage essentiellement baroque : la rencontre de l&rsquo;ancien et du moderne.<br \/>\nL&rsquo;utilisation de plusieurs ch\u0153urs permet une polyphonie particuli\u00e8rement foisonnante, moir\u00e9e, d&rsquo;une richesse extraordinaire, contrastant avec les passages en solo qui font office de courts \u00ab\u00a0r\u00e9citatifs\u00a0\u00bb. En ce qui concerne l&rsquo;art de brosser et de varier les tournures m\u00e9lodiques et harmoniques, CARISSIMI \u00e9tait, avec un sens dramatique remarquable et un \u00e9clectisme aussi large que possible un grand pr\u00e9curseur de la polyphonie vocale.<br \/>\nFigure italienne majeure de la musique baroque vocale, Giacomo CARISSIMI est notamment connu pour ses nombreuses compositions de musique sacr\u00e9e et son influence d\u00e9cisive dans le genre de l\u2019oratorio dont il est un ma\u00eetre incontest\u00e9.<br \/>\nGioco Vocale vous propose un concert magistral autour de ce compositeur essentiel de la p\u00e9riode baroque, avec son Magnificat \u00e0 8 voix et sa Messe de l\u2019Homme Arm\u00e9 \u00e0 12 voix. Un Salve Regina d\u2019Alessandro SCARLATTI et des pi\u00e8ces pour orgue (Grand Orgue et\/ou orgue Positif) compl\u00e8teront le programme.<\/p>\n<h2 style=\"text-align: center;\">PROGRAMME<\/h2>\n<p style=\"text-align: center;\"><em>Toccata de Do Majeur BWV 564<\/em><br \/>\n<strong>Johann SEBASTIAN BACH<\/strong><br \/>\nGrand Orgue<\/p>\n<p style=\"text-align: center;\"><em>Magnificat<\/em><br \/>\n<strong>Giacomo CARISSIMI<\/strong><br \/>\nChoeur \u00e0 8 voix &amp; Continuo<\/p>\n<p style=\"text-align: center;\"><em>Salve Regina<\/em><br \/>\n<strong>Domenico SCARLATTI<\/strong><br \/>\nChoeur \u00e0 4 voix &amp; Continuo<\/p>\n<p style=\"text-align: center;\"><em>Praeludium en Sol mineur<\/em><br \/>\n<strong>Dietrich BUXTEHUDE<\/strong><br \/>\nGrand Orgue<\/p>\n<p style=\"text-align: center;\"><em>Messe de l&rsquo;Homme Arm\u00e9<\/em><br \/>\n<strong>Giacomo CARISSIMI<\/strong><br \/>\nKyrie &#8211; Gloria &#8211; Credo<br \/>\nChoeur \u00e0 12 voix &amp; Continuo<\/p>\n<p style=\"text-align: center;\"><em>Cianona en Sol Majeur<\/em><br \/>\n<strong>Georg MUFFAT<\/strong><br \/>\nGrand Orgue<\/p>\n<p style=\"text-align: center;\"><em>Messe de l&rsquo;Homme Arm\u00e9<\/em><br \/>\n<strong>Giacomo CARISSIMI<\/strong><br \/>\nSanctus &#8211; Agnus<br \/>\nChoeur \u00e0 12 Voix &amp; Continuo<\/p>\n","protected":false},"excerpt":{"rendered":"<p>Qui n&rsquo;a pas \u00e9crit sa messe de L&rsquo;homme arm\u00e9 entre 1450 et la fin du 17\u00e8me ? DUFAY, OCKEGHEM, BUSNOIS, JOSQUIN, PALESTRINA, et enfin CARISSIMI qui est le dernier, tous ont repris les th\u00e8mes initiaux de la chanson populaire du m\u00eame nom. Giacomo CARISSIMI utilise toutes les ficelles de la musique ancienne, mais les tisse [&hellip;]<\/p>\n","protected":false},"author":2,"featured_media":94,"parent":0,"menu_order":0,"comment_status":"closed","ping_status":"closed","template":"","meta":{"footnotes":""},"class_list":["post-59","page","type-page","status-publish","has-post-thumbnail","hentry"],"_links":{"self":[{"href":"https:\/\/giocovocale.com\/index.php\/wp-json\/wp\/v2\/pages\/59","targetHints":{"allow":["GET"]}}],"collection":[{"href":"https:\/\/giocovocale.com\/index.php\/wp-json\/wp\/v2\/pages"}],"about":[{"href":"https:\/\/giocovocale.com\/index.php\/wp-json\/wp\/v2\/types\/page"}],"author":[{"embeddable":true,"href":"https:\/\/giocovocale.com\/index.php\/wp-json\/wp\/v2\/users\/2"}],"replies":[{"embeddable":true,"href":"https:\/\/giocovocale.com\/index.php\/wp-json\/wp\/v2\/comments?post=59"}],"version-history":[{"count":5,"href":"https:\/\/giocovocale.com\/index.php\/wp-json\/wp\/v2\/pages\/59\/revisions"}],"predecessor-version":[{"id":156,"href":"https:\/\/giocovocale.com\/index.php\/wp-json\/wp\/v2\/pages\/59\/revisions\/156"}],"wp:featuredmedia":[{"embeddable":true,"href":"https:\/\/giocovocale.com\/index.php\/wp-json\/wp\/v2\/media\/94"}],"wp:attachment":[{"href":"https:\/\/giocovocale.com\/index.php\/wp-json\/wp\/v2\/media?parent=59"}],"curies":[{"name":"wp","href":"https:\/\/api.w.org\/{rel}","templated":true}]}}