{"id":56,"date":"2024-10-29T10:40:53","date_gmt":"2024-10-29T09:40:53","guid":{"rendered":"https:\/\/giocovocale.com\/?page_id=56"},"modified":"2024-11-22T18:54:14","modified_gmt":"2024-11-22T17:54:14","slug":"missa-de-oliveria","status":"publish","type":"page","link":"https:\/\/giocovocale.com\/index.php\/missa-de-oliveria\/","title":{"rendered":"MISSA DE OLIVERIA"},"content":{"rendered":"<p style=\"text-align: justify;\"><strong>La Missa de Oliveria<\/strong>, \u00e0 quatre voix, nous est parvenue sous forme de huit parties s\u00e9par\u00e9es, deux pour chaque pupitre. De son vrai nom \u00ab Missa de Oliveria a quattro voci concertata \u00bb, cette oeuvre nous renvoie \u00e0 une pratique de l\u2019alternance entre deux choeurs (choeur de soliste et choeur ripieno), mais les parties chant\u00e9es par le deuxi\u00e8me choeur correspondent exactement \u00e0 ce que chante au m\u00eame moment le choeur de solistes. C\u2019est le principe de la polychoralit\u00e9 \u00e0 la romaine : la multiplication g\u00e9ographique d\u2019une m\u00eame source sonore renfor\u00e7ant l\u2019interpr\u00e9tation.\u200b<\/p>\n<p style=\"text-align: justify;\">Le <strong>Magnificat<\/strong>, compos\u00e9 pour huit voix, c\u00e9l\u00e8bre la figure de la Vierge Marie. Les harmonies \u00e9clatantes et les rythmes entra\u00eenants donneront vie \u00e0 ce cantique, permettant aux interpr\u00e8tes de mettre en lumi\u00e8re la ferveur de leur d\u00e9votion. Laissez-vous emporter par cette c\u00e9l\u00e9bration jubilatoire qui, par ses \u00e9lans et ses douceurs, touchera les \u00e2mes en qu\u00eate de transcendance.<\/p>\n<p style=\"text-align: justify;\">L&rsquo;<strong>Ave Maria<\/strong>, \u00e9crite pour quatre voix, d&rsquo;une d\u00e9licatesse poignante, offre une m\u00e9ditation sur l&rsquo;amour et la sollicitude divine. Les harmonies d\u00e9licates et les m\u00e9lodies suspendues \u00e9voquent la s\u00e9r\u00e9nit\u00e9 d&rsquo;un moment de pri\u00e8re, un instant o\u00f9 le c\u0153ur s\u2019ouvre \u00e0 l\u2019infini. Chaque voix se d\u00e9ploie avec douceur, cr\u00e9ant une atmosph\u00e8re propice \u00e0 la contemplation.<\/p>\n<p style=\"text-align: justify;\"><strong>Pietro Paolo BENCINI<\/strong>, sans se risquer \u00e0 un commentaire musical, on peut retenir que les \u0153uvres de ce compositeur italien de la p\u00e9riode baroque, qui fut l&rsquo;un des ma\u00eetres de musique les plus importants de Rome dans la premi\u00e8re partie du XVII<sup>e<\/sup>\u00a0si\u00e8cle<\/p>\n<h2 style=\"text-align: center;\">PROGRAMME<\/h2>\n<p style=\"text-align: center;\"><em>Magnificat<\/em><br \/>\n<strong>Pietro Paolo BENCINI<\/strong><br \/>\nChoeur \u00e0 8 voix &amp; Continuo<\/p>\n<p style=\"text-align: center;\"><em>Ave Maria<\/em><br \/>\n<strong>Pietro Paolo BENCINI<\/strong><br \/>\nChoeur \u00e0 4 voix &amp; Continuo<\/p>\n<p style=\"text-align: center;\"><em>Missa de Oliveria<\/em><br \/>\n<strong>Pietro Paolo BENCINI<\/strong><br \/>\n2 Choeurs \u00e0 4 voix &amp; Continuo<\/p>\n<p style=\"text-align: center;\"><em>Jesu Redemptor Mundi<\/em><br \/>\n<strong>Pietro Paolo BENCINI<\/strong><br \/>\nSoliste, Choeur \u00e0 4 voix &amp; Continuo<\/p>\n","protected":false},"excerpt":{"rendered":"<p>La Missa de Oliveria, \u00e0 quatre voix, nous est parvenue sous forme de huit parties s\u00e9par\u00e9es, deux pour chaque pupitre. De son vrai nom \u00ab Missa de Oliveria a quattro voci concertata \u00bb, cette oeuvre nous renvoie \u00e0 une pratique de l\u2019alternance entre deux choeurs (choeur de soliste et choeur ripieno), mais les parties chant\u00e9es [&hellip;]<\/p>\n","protected":false},"author":2,"featured_media":143,"parent":0,"menu_order":0,"comment_status":"closed","ping_status":"closed","template":"","meta":{"footnotes":""},"class_list":["post-56","page","type-page","status-publish","has-post-thumbnail","hentry"],"_links":{"self":[{"href":"https:\/\/giocovocale.com\/index.php\/wp-json\/wp\/v2\/pages\/56","targetHints":{"allow":["GET"]}}],"collection":[{"href":"https:\/\/giocovocale.com\/index.php\/wp-json\/wp\/v2\/pages"}],"about":[{"href":"https:\/\/giocovocale.com\/index.php\/wp-json\/wp\/v2\/types\/page"}],"author":[{"embeddable":true,"href":"https:\/\/giocovocale.com\/index.php\/wp-json\/wp\/v2\/users\/2"}],"replies":[{"embeddable":true,"href":"https:\/\/giocovocale.com\/index.php\/wp-json\/wp\/v2\/comments?post=56"}],"version-history":[{"count":5,"href":"https:\/\/giocovocale.com\/index.php\/wp-json\/wp\/v2\/pages\/56\/revisions"}],"predecessor-version":[{"id":142,"href":"https:\/\/giocovocale.com\/index.php\/wp-json\/wp\/v2\/pages\/56\/revisions\/142"}],"wp:featuredmedia":[{"embeddable":true,"href":"https:\/\/giocovocale.com\/index.php\/wp-json\/wp\/v2\/media\/143"}],"wp:attachment":[{"href":"https:\/\/giocovocale.com\/index.php\/wp-json\/wp\/v2\/media?parent=56"}],"curies":[{"name":"wp","href":"https:\/\/api.w.org\/{rel}","templated":true}]}}