{"id":53,"date":"2024-10-29T10:40:37","date_gmt":"2024-10-29T09:40:37","guid":{"rendered":"https:\/\/giocovocale.com\/?page_id=53"},"modified":"2024-11-22T12:34:45","modified_gmt":"2024-11-22T11:34:45","slug":"organa-barocca","status":"publish","type":"page","link":"https:\/\/giocovocale.com\/index.php\/organa-barocca\/","title":{"rendered":"ORGANA BAROCCA"},"content":{"rendered":"<p style=\"text-align: justify;\">Dans les 6 versets du psaume 150, une impressionnante diversit\u00e9 d&rsquo;instruments est invoqu\u00e9e pour louer Dieu : cor, cuivres, fl\u00fbtes, cymbales&#8230; Chaque note et chaque souffle se joint pour rendre gloire au Seigneur. Le Psaume 150 invite ainsi \u00ab\u00a0tout \u00eatre vivant\u00a0\u00bb \u00e0 unir sa voix dans une louange totale et universelle. Par cette symbolique de c\u00e9l\u00e9bration, l&rsquo;orgue tient une place particuli\u00e8re, \u00e9tant l&rsquo;instrument qui, par sa majest\u00e9 et son ampleur, \u00e9l\u00e8ve puissamment les \u00e2mes vers Dieu.<br \/>\nCe programme rend hommage \u00e0 cet esprit de louange en explorant diff\u00e9rents registres de l\u2019orgue, de l\u2019accompagnement discret \u00e0 l\u2019orgue concertant, en passant par la transcription d&rsquo;\u0153uvres instrumentales destin\u00e9es \u00e0 sublimer la puissance de cet instrument unique.<br \/>\nDans un \u00e9crin de m\u00e9lodies o\u00f9 se m\u00ealent la spiritualit\u00e9 et l&rsquo;h\u00e9ritage baroque, le programme que nous vous proposons s&rsquo;ouvre sur une atmosph\u00e8re d&rsquo;une rare intensit\u00e9. <strong>La r\u00e9sonance des clavecins de Bach, r\u00e9invent\u00e9e pour l&rsquo;orgue \u00e0 quatre mains<\/strong>, nous transporte dans un dialogue entre l&rsquo;intime et l&rsquo;universel, r\u00e9v\u00e9lant la virtuosit\u00e9 d&rsquo;un compositeur qui a su transcender les \u00e9poques.<br \/>\nDans cet espace sacr\u00e9, la contemplation se poursuit avec le motet <strong>Jesu, meine Freude<\/strong>, une \u0153uvre o\u00f9 chaque note respire la ferveur et l&rsquo;esp\u00e9rance, tissant un lien profond entre l&rsquo;\u00e2me et le divin. Ici, les voix s&rsquo;\u00e9l\u00e8vent dans une harmonie c\u00e9leste, et l&rsquo;auditeur est convi\u00e9 \u00e0 une r\u00e9flexion sur la joie et la souffrance, un \u00e9cho des luttes humaines dans la qu\u00eate de la paix spirituelle.<br \/>\n\u00c0 l\u2019ombre de ces sommets spirituels, <strong>l&rsquo;Offertoire en sol mineur de Fran\u00e7ois Couperin<\/strong> se d\u00e9ploie, tel un hommage \u00e0 la beaut\u00e9 des traditions liturgiques fran\u00e7aises. Sa richesse harmonique et son \u00e9l\u00e9gance raffin\u00e9e font \u00e9cho \u00e0 une \u00e9poque o\u00f9 la musique \u00e9tait une pri\u00e8re chant\u00e9e, une offrande sonore qui transcende les limites du temps.<br \/>\n<strong>Joseph Haydn, avec son Salve Regina<\/strong>, insuffle une douceur r\u00e9confortante \u00e0 ce voyage. Sa m\u00e9lodie, \u00e0 la fois d\u00e9licate et puissante, \u00e9voque une supplication sinc\u00e8re, une qu\u00eate de r\u00e9demption o\u00f9 l&rsquo;\u00e2me se tourne vers la Vierge, trouvant refuge et s\u00e9r\u00e9nit\u00e9 dans l&rsquo;\u00e9treinte du sacr\u00e9.<br \/>\nEn \u00e9cho \u00e0 cette ferveur, <strong>l&rsquo;Offertoire en Sib majeure d&rsquo;Alexandre-Pierre-Fran\u00e7ois Bo\u00ebly<\/strong> se d\u00e9ploie, m\u00e9langeant le raffinement du style classique et la profondeur de la sensibilit\u00e9 romantique naissante. C&rsquo;est une \u0153uvre qui, par ses couleurs et son lyrisme, invite \u00e0 la m\u00e9ditation sur la beaut\u00e9 de la cr\u00e9ation.<br \/>\nEnfin, <strong>le Stabat Mater de Franti\u0161ek T\u016fma<\/strong> vient clore ce cycle de mani\u00e8re poignante. Avec sa profondeur \u00e9motionnelle, il \u00e9voque la douleur de la M\u00e8re face \u00e0 la souffrance de son Fils, un chant qui transcende le chagrin et s&rsquo;\u00e9l\u00e8ve en une pri\u00e8re universelle. Dans ses pages, la tendresse et la souffrance s&rsquo;entrelacent, offrant un miroir des \u00e9motions humaines les plus profondes.<br \/>\nAinsi, ce programme se tisse comme une tapisserie sonore, une invitation \u00e0 la contemplation, \u00e0 la joie et \u00e0 la m\u00e9lancolie, o\u00f9 chaque \u0153uvre dialogue avec les autres, cr\u00e9ant un espace sacr\u00e9 o\u00f9 le c\u0153ur trouve sa voix. En \u00e9coutant ces pi\u00e8ces, nous sommes invit\u00e9s \u00e0 voyager \u00e0 travers le temps et les \u00e9motions, \u00e0 red\u00e9couvrir la beaut\u00e9 intemporelle de la musique sacr\u00e9e.<\/p>\n<h2 style=\"text-align: center;\">PROGRAMME<\/h2>\n<p style=\"text-align: center;\"><em>Concerto pour 4 clavecins<\/em><br \/>\n<strong>Johann Sebastian BACH<\/strong><br \/>\nTranscription pour Orgue \u00e0 4 mains<\/p>\n<p style=\"text-align: center;\"><em>Motet Jesu meine Freude<\/em><br \/>\n<strong>Johann Sebastian BACH<\/strong><br \/>\nChoeur \u00e0 5 voix et Continuo<\/p>\n<p style=\"text-align: center;\"><em>Offertoire en SIb Majeur<\/em><br \/>\n<strong>Alexandre-Pierre-Fran\u00e7ois BO\u00cbLY<\/strong><br \/>\nGrand Orgue<\/p>\n<p style=\"text-align: center;\"><em>Stabat Mater<\/em><br \/>\n<strong>Frantisek T\u00dcMA<\/strong><br \/>\nChoeur \u00e0 4 voix et Grand Orgue<\/p>\n<p style=\"text-align: center;\"><em>Offertoire en Sol mineur<\/em><br \/>\n<strong>Fran\u00e7ois-Gervais COUPERIN<\/strong><br \/>\nGrand Orgue<\/p>\n<p style=\"text-align: center;\"><em>Salve Regina<\/em><br \/>\n<strong>Joseph HAYDN<\/strong><br \/>\nChoeur, solistes et Grand Orgue<\/p>\n","protected":false},"excerpt":{"rendered":"<p>Dans les 6 versets du psaume 150, une impressionnante diversit\u00e9 d&rsquo;instruments est invoqu\u00e9e pour louer Dieu : cor, cuivres, fl\u00fbtes, cymbales&#8230; Chaque note et chaque souffle se joint pour rendre gloire au Seigneur. Le Psaume 150 invite ainsi \u00ab\u00a0tout \u00eatre vivant\u00a0\u00bb \u00e0 unir sa voix dans une louange totale et universelle. Par cette symbolique de [&hellip;]<\/p>\n","protected":false},"author":2,"featured_media":96,"parent":0,"menu_order":0,"comment_status":"closed","ping_status":"closed","template":"","meta":{"footnotes":""},"class_list":["post-53","page","type-page","status-publish","has-post-thumbnail","hentry"],"_links":{"self":[{"href":"https:\/\/giocovocale.com\/index.php\/wp-json\/wp\/v2\/pages\/53","targetHints":{"allow":["GET"]}}],"collection":[{"href":"https:\/\/giocovocale.com\/index.php\/wp-json\/wp\/v2\/pages"}],"about":[{"href":"https:\/\/giocovocale.com\/index.php\/wp-json\/wp\/v2\/types\/page"}],"author":[{"embeddable":true,"href":"https:\/\/giocovocale.com\/index.php\/wp-json\/wp\/v2\/users\/2"}],"replies":[{"embeddable":true,"href":"https:\/\/giocovocale.com\/index.php\/wp-json\/wp\/v2\/comments?post=53"}],"version-history":[{"count":6,"href":"https:\/\/giocovocale.com\/index.php\/wp-json\/wp\/v2\/pages\/53\/revisions"}],"predecessor-version":[{"id":139,"href":"https:\/\/giocovocale.com\/index.php\/wp-json\/wp\/v2\/pages\/53\/revisions\/139"}],"wp:featuredmedia":[{"embeddable":true,"href":"https:\/\/giocovocale.com\/index.php\/wp-json\/wp\/v2\/media\/96"}],"wp:attachment":[{"href":"https:\/\/giocovocale.com\/index.php\/wp-json\/wp\/v2\/media?parent=53"}],"curies":[{"name":"wp","href":"https:\/\/api.w.org\/{rel}","templated":true}]}}