{"id":16,"date":"2024-10-29T09:01:37","date_gmt":"2024-10-29T08:01:37","guid":{"rendered":"http:\/\/giocovocale.com\/?page_id=16"},"modified":"2024-11-23T18:41:20","modified_gmt":"2024-11-23T17:41:20","slug":"olivier-chaplais","status":"publish","type":"page","link":"https:\/\/giocovocale.com\/index.php\/olivier-chaplais\/","title":{"rendered":"OLIVIER CHAPLAIS"},"content":{"rendered":"<p style=\"text-align: justify;\">Apr\u00e8s une formation initiale \u00e0 l\u2019orgue au Conservatoire de Musique de Poitiers sous la direction de Dominique Ferran, Olivier Chaplais a poursuivi ses \u00e9tudes aupr\u00e8s de professeurs renomm\u00e9s, tels que Pascale Melis, \u00c9ric Lebrun et Michel Bourcier. Il est dipl\u00f4m\u00e9 en Orgue et en Formation Musicale, et titulaire d\u2019une Ma\u00eetrise en Musicologie.<br \/>\nActuellement organiste titulaire des Grandes Orgues de l&rsquo;\u00e9glise Sainte-Th\u00e9r\u00e8se de Nantes, Olivier Chaplais se produit r\u00e9guli\u00e8rement comme organiste et continuiste, collaborant avec divers ensembles vocaux et instrumentaux de la r\u00e9gion. Il a accompagn\u00e9 notamment La Schola Cantorum, la Ma\u00eetrise de La Perverie, la Schola de la Cath\u00e9drale de Nantes, le Ch\u0153ur de Chambre \u00c9clats de Voix, ainsi que l\u2019Ensemble Vocal Aria Voce.<br \/>\nEn 2012, il fonde l&rsquo;ensemble Gioco Vocale, r\u00e9unissant \u00e0 l&rsquo;origine huit chanteurs, dans le but de donner la premi\u00e8re partie du concert inaugural de la restauration de l\u2019orgue de Saint-Mars-la-Jaille. Depuis, Gioco Vocale contribue activement au paysage musical r\u00e9gional sous sa direction.<\/p>\n","protected":false},"excerpt":{"rendered":"<p>Apr\u00e8s une formation initiale \u00e0 l\u2019orgue au Conservatoire de Musique de Poitiers sous la direction de Dominique Ferran, Olivier Chaplais a poursuivi ses \u00e9tudes aupr\u00e8s de professeurs renomm\u00e9s, tels que Pascale Melis, \u00c9ric Lebrun et Michel Bourcier. Il est dipl\u00f4m\u00e9 en Orgue et en Formation Musicale, et titulaire d\u2019une Ma\u00eetrise en Musicologie. Actuellement organiste titulaire [&hellip;]<\/p>\n","protected":false},"author":2,"featured_media":166,"parent":0,"menu_order":0,"comment_status":"closed","ping_status":"closed","template":"","meta":{"footnotes":""},"class_list":["post-16","page","type-page","status-publish","has-post-thumbnail","hentry"],"_links":{"self":[{"href":"https:\/\/giocovocale.com\/index.php\/wp-json\/wp\/v2\/pages\/16","targetHints":{"allow":["GET"]}}],"collection":[{"href":"https:\/\/giocovocale.com\/index.php\/wp-json\/wp\/v2\/pages"}],"about":[{"href":"https:\/\/giocovocale.com\/index.php\/wp-json\/wp\/v2\/types\/page"}],"author":[{"embeddable":true,"href":"https:\/\/giocovocale.com\/index.php\/wp-json\/wp\/v2\/users\/2"}],"replies":[{"embeddable":true,"href":"https:\/\/giocovocale.com\/index.php\/wp-json\/wp\/v2\/comments?post=16"}],"version-history":[{"count":5,"href":"https:\/\/giocovocale.com\/index.php\/wp-json\/wp\/v2\/pages\/16\/revisions"}],"predecessor-version":[{"id":188,"href":"https:\/\/giocovocale.com\/index.php\/wp-json\/wp\/v2\/pages\/16\/revisions\/188"}],"wp:featuredmedia":[{"embeddable":true,"href":"https:\/\/giocovocale.com\/index.php\/wp-json\/wp\/v2\/media\/166"}],"wp:attachment":[{"href":"https:\/\/giocovocale.com\/index.php\/wp-json\/wp\/v2\/media?parent=16"}],"curies":[{"name":"wp","href":"https:\/\/api.w.org\/{rel}","templated":true}]}}