{"id":14,"date":"2024-10-29T09:01:25","date_gmt":"2024-10-29T08:01:25","guid":{"rendered":"http:\/\/giocovocale.com\/?page_id=14"},"modified":"2026-02-11T17:31:26","modified_gmt":"2026-02-11T16:31:26","slug":"ensemble-gioco-vocale","status":"publish","type":"page","link":"https:\/\/giocovocale.com\/index.php\/ensemble-gioco-vocale\/","title":{"rendered":"ENSEMBLE GIOCO VOCALE"},"content":{"rendered":"<p style=\"text-align: justify;\">L&rsquo;ensemble Gioco Vocale est un collectif vocal \u00e0 g\u00e9om\u00e9trie variable, compos\u00e9 de 8 \u00e0 12 chanteurs, unis par une passion commune pour la musique baroque. Sous la direction d&rsquo;Olivier Chaplais, cet ensemble explore avec finesse et sensibilit\u00e9 les chefs-d&rsquo;\u0153uvre du r\u00e9pertoire baroque, tout en s&rsquo;autorisant des incursions audacieuses dans la musique contemporaine.<br \/>\nLa richesse des timbres est magnifi\u00e9e par l&rsquo;accompagnement au continuo ou au grand orgue, offrant une profondeur et une expressivit\u00e9 exceptionnelles \u00e0 chaque interpr\u00e9tation. Gr\u00e2ce \u00e0 une approche \u00e0 la fois rigoureuse et inventive, l&rsquo;ensemble Gioco Vocale captive son auditoire, recr\u00e9ant l&rsquo;\u00e9motion et l&rsquo;intensit\u00e9 des \u0153uvres vocales anciennes tout en insufflant une modernit\u00e9 subtile dans ses performances.<br \/>\nGioco Vocale, c&rsquo;est avant tout une aventure musicale o\u00f9 chaque voix trouve sa place, o\u00f9 chaque note raconte une histoire, et o\u00f9 la passion pour la musique transcende les \u00e9poques.<\/p>\n<p style=\"text-align: center;\"><strong>L&rsquo;Ensemble GIOCO VOCALE<\/strong><\/p>\n<p style=\"text-align: center;\"><em><strong>Soprani<\/strong><\/em> : Christine <strong>AUBRY-DUTEIL<\/strong> &amp; Anne <strong>PROUTEAU-DE CHATEAU-THIERRY<\/strong><br \/>\n<em><strong>Mezzo-Soprani<\/strong><\/em> : Fran\u00e7oise <strong>BRUNARD<\/strong> &amp; Catherine <strong>FRESNEAU<\/strong><br \/>\n<em><strong>Alti<\/strong><\/em> : Fran\u00e7oise <strong>ARNOUX<\/strong>, Genevi\u00e8ve <strong>CHAUVET<\/strong> &amp; Brigitte <strong>DUBOIS<\/strong><br \/>\n<em><strong>T\u00e9nors<\/strong><\/em> : Etienne <strong>BOURON<\/strong>, Olivier <strong>CHAPLAIS<\/strong>, Pascal <strong>COURTIN<\/strong> &amp; G\u00e9rard <strong>JAUNET<\/strong><br \/>\n<em><strong>Basses<\/strong><\/em> : J\u00e9r\u00f4me <strong>POURREAU<\/strong> &amp; Laurent <strong>SIMON<\/strong><\/p>\n<p style=\"text-align: center;\"><em><strong>Direction et Continuo<\/strong><\/em> : Olivier <strong>CHAPLAIS<\/strong><\/p>\n","protected":false},"excerpt":{"rendered":"<p>L&rsquo;ensemble Gioco Vocale est un collectif vocal \u00e0 g\u00e9om\u00e9trie variable, compos\u00e9 de 8 \u00e0 12 chanteurs, unis par une passion commune pour la musique baroque. Sous la direction d&rsquo;Olivier Chaplais, cet ensemble explore avec finesse et sensibilit\u00e9 les chefs-d&rsquo;\u0153uvre du r\u00e9pertoire baroque, tout en s&rsquo;autorisant des incursions audacieuses dans la musique contemporaine. La richesse des [&hellip;]<\/p>\n","protected":false},"author":2,"featured_media":38,"parent":0,"menu_order":0,"comment_status":"closed","ping_status":"closed","template":"","meta":{"footnotes":""},"class_list":["post-14","page","type-page","status-publish","has-post-thumbnail","hentry"],"_links":{"self":[{"href":"https:\/\/giocovocale.com\/index.php\/wp-json\/wp\/v2\/pages\/14","targetHints":{"allow":["GET"]}}],"collection":[{"href":"https:\/\/giocovocale.com\/index.php\/wp-json\/wp\/v2\/pages"}],"about":[{"href":"https:\/\/giocovocale.com\/index.php\/wp-json\/wp\/v2\/types\/page"}],"author":[{"embeddable":true,"href":"https:\/\/giocovocale.com\/index.php\/wp-json\/wp\/v2\/users\/2"}],"replies":[{"embeddable":true,"href":"https:\/\/giocovocale.com\/index.php\/wp-json\/wp\/v2\/comments?post=14"}],"version-history":[{"count":8,"href":"https:\/\/giocovocale.com\/index.php\/wp-json\/wp\/v2\/pages\/14\/revisions"}],"predecessor-version":[{"id":403,"href":"https:\/\/giocovocale.com\/index.php\/wp-json\/wp\/v2\/pages\/14\/revisions\/403"}],"wp:featuredmedia":[{"embeddable":true,"href":"https:\/\/giocovocale.com\/index.php\/wp-json\/wp\/v2\/media\/38"}],"wp:attachment":[{"href":"https:\/\/giocovocale.com\/index.php\/wp-json\/wp\/v2\/media?parent=14"}],"curies":[{"name":"wp","href":"https:\/\/api.w.org\/{rel}","templated":true}]}}